{"id":9261,"date":"2021-06-16T22:22:26","date_gmt":"2021-06-17T03:22:26","guid":{"rendered":"https:\/\/inemjose.edu.co\/colegio\/newsite2021\/?page_id=9261"},"modified":"2021-06-16T22:22:26","modified_gmt":"2021-06-17T03:22:26","slug":"periodico","status":"publish","type":"page","link":"https:\/\/inemjose.edu.co\/colegio\/newsite2021\/periodico\/","title":{"rendered":"Peri\u00f3dico"},"content":{"rendered":"<p>&nbsp;<\/p>\n<ul class=\"content_portfolio style05\">\n<li class=\"element-item presentations item_portfolio three-col\" style=\"background-color: #7427f9;\" data-color=\"#7427f9\"><img decoding=\"async\" title=\"Soft\" src=\"https:\/\/inemjose.edu.co\/colegio\/newsite2021\/wp-content\/uploads\/2016\/03\/presentaion-1-600x400.jpg\" alt=\"Soft\" \/><br \/>\n<h3><a title=\"Soft skills\" href=\"https:\/\/drive.google.com\/file\/d\/1LxUKX5IO3jy2DnGul-VX73ZFsHd95fEY\/view\" target=\"_blank\" rel=\"noopener\">Edici\u00f3n 62<\/a><\/h3>\n<\/li>\n<li class=\"element-item presentations item_portfolio three-col\" style=\"background-color: #ffb606;\" data-color=\"#ffb606\"><img decoding=\"async\" title=\"Up\" src=\"https:\/\/inemjose.edu.co\/colegio\/newsite2021\/wp-content\/uploads\/2016\/03\/presentation-2-600x600.jpg\" alt=\"Up\" \/><br \/>\n<h3><a title=\"Up your skill\" href=\"https:\/\/drive.google.com\/file\/d\/18Ekrfzi1wruAaj77XgXC8PWunTgxF-7p\/view\" target=\"_blank\" rel=\"noopener\">Edici\u00f3n 61<\/a><\/h3>\n<\/li>\n<li class=\"element-item presentations item_portfolio three-col\" style=\"background-color: #ef5c37;\" data-color=\"#ef5c37\"><img decoding=\"async\" title=\"Startup\" src=\"https:\/\/inemjose.edu.co\/colegio\/newsite2021\/wp-content\/uploads\/2016\/03\/presentation-3-600x400.jpg\" alt=\"Startup\" \/><br \/>\n<h3><a title=\"Startup Team\" href=\"https:\/\/drive.google.com\/file\/d\/1uQR8ln4GB7DypcSm58I8HDNXjWDAhecR\/view\" target=\"_blank\" rel=\"noopener\">Edici\u00f3n 60<\/a><\/h3>\n<\/li>\n<li class=\"element-item courses item_portfolio three-col\" style=\"background-color: #46557f;\" data-color=\"#46557f\"><img decoding=\"async\" title=\"Home\" src=\"https:\/\/inemjose.edu.co\/colegio\/newsite2021\/wp-content\/uploads\/2016\/03\/portfolio-course-5-600x600.jpg\" alt=\"Home\" \/><br \/>\n<h3><a title=\"Home Work\" href=\"https:\/\/drive.google.com\/file\/d\/1ztXNMsXtx6MDtgktVcekfdTGXm19V_uL\/view\" target=\"_blank\" rel=\"noopener\">Edici\u00f3n 59<\/a><\/h3>\n<\/li>\n<li class=\"element-item courses item_portfolio three-col\" style=\"background-color: #39f9f3;\" data-color=\"#39f9f3\"><img decoding=\"async\" title=\"Keeping\" src=\"https:\/\/inemjose.edu.co\/colegio\/newsite2021\/wp-content\/uploads\/2016\/03\/portfolio-course-3-600x400.jpg\" alt=\"Keeping\" \/><br \/>\n<h3><a title=\"Keeping smile\" href=\"https:\/\/drive.google.com\/file\/d\/1Whh8IOHbk1vV4D13Lr3h7iAre9T-55g0\/view\" target=\"_blank\" rel=\"noopener\">Edici\u00f3n 54<\/a><\/h3>\n<\/li>\n<li class=\"element-item books item_portfolio three-col\" style=\"background-color: #d5f218;\" data-color=\"#d5f218\"><img decoding=\"async\" title=\"Opened\" src=\"https:\/\/inemjose.edu.co\/colegio\/newsite2021\/wp-content\/uploads\/2016\/03\/book-4-600x400.jpg\" alt=\"Opened\" \/><br \/>\n<h3><a title=\"Opened book\" href=\"https:\/\/drive.google.com\/file\/d\/1kLywaFyPWmR_sOIMRiyRvIvZWfJi6vvN\/view\" target=\"_blank\" rel=\"noopener\">Edici\u00f3n 53<\/a><\/h3>\n<\/li>\n<\/ul>\n","protected":false},"excerpt":{"rendered":"<p>&nbsp; Edici\u00f3n 62 Edici\u00f3n 61 Edici\u00f3n 60 Edici\u00f3n 59 Edici\u00f3n 54 Edici\u00f3n 53<\/p>\n","protected":false},"author":1,"featured_media":0,"parent":0,"menu_order":0,"comment_status":"closed","ping_status":"closed","template":"","meta":{"_bbp_topic_count":0,"_bbp_reply_count":0,"_bbp_total_topic_count":0,"_bbp_total_reply_count":0,"_bbp_voice_count":0,"_bbp_anonymous_reply_count":0,"_bbp_topic_count_hidden":0,"_bbp_reply_count_hidden":0,"_bbp_forum_subforum_count":0,"_angie_page":false,"pmpro_default_level":"","footnotes":""},"class_list":["post-9261","page","type-page","status-publish","hentry","pmpro-has-access"],"yoast_head":"<!-- This site is optimized with the Yoast SEO plugin v27.4 - https:\/\/yoast.com\/product\/yoast-seo-wordpress\/ -->\n<title>Peri\u00f3dico - INEM Jos\u00e9 F\u00e9lix De Restrepo<\/title>\n<meta name=\"robots\" content=\"index, follow, max-snippet:-1, max-image-preview:large, max-video-preview:-1\" \/>\n<link rel=\"canonical\" href=\"https:\/\/inemjose.edu.co\/colegio\/newsite2021\/periodico\/\" class=\"yoast-seo-meta-tag\" \/>\n<meta property=\"og:locale\" content=\"es_ES\" class=\"yoast-seo-meta-tag\" \/>\n<meta property=\"og:type\" content=\"article\" class=\"yoast-seo-meta-tag\" \/>\n<meta property=\"og:title\" content=\"Peri\u00f3dico - INEM Jos\u00e9 F\u00e9lix De Restrepo\" class=\"yoast-seo-meta-tag\" \/>\n<meta property=\"og:description\" content=\"&nbsp; Edici\u00f3n 62 Edici\u00f3n 61 Edici\u00f3n 60 Edici\u00f3n 59 Edici\u00f3n 54 Edici\u00f3n 53\" class=\"yoast-seo-meta-tag\" \/>\n<meta property=\"og:url\" content=\"https:\/\/inemjose.edu.co\/colegio\/newsite2021\/periodico\/\" class=\"yoast-seo-meta-tag\" \/>\n<meta property=\"og:site_name\" content=\"INEM Jos\u00e9 F\u00e9lix De Restrepo\" class=\"yoast-seo-meta-tag\" \/>\n<meta property=\"article:publisher\" content=\"https:\/\/www.facebook.com\/inemjoseoficial\/\" class=\"yoast-seo-meta-tag\" \/>\n<meta property=\"og:image\" content=\"https:\/\/inemjose.edu.co\/colegio\/newsite2021\/wp-content\/uploads\/2016\/03\/presentaion-1-600x400.jpg\" class=\"yoast-seo-meta-tag\" \/>\n<meta name=\"twitter:card\" content=\"summary_large_image\" class=\"yoast-seo-meta-tag\" \/>\n<script type=\"application\/ld+json\" class=\"yoast-schema-graph\">{\"@context\":\"https:\\\/\\\/schema.org\",\"@graph\":[{\"@type\":\"WebPage\",\"@id\":\"https:\\\/\\\/inemjose.edu.co\\\/colegio\\\/newsite2021\\\/periodico\\\/\",\"url\":\"https:\\\/\\\/inemjose.edu.co\\\/colegio\\\/newsite2021\\\/periodico\\\/\",\"name\":\"Peri\u00f3dico - INEM Jos\u00e9 F\u00e9lix De Restrepo\",\"isPartOf\":{\"@id\":\"https:\\\/\\\/inemjose.edu.co\\\/colegio\\\/newsite2021\\\/#website\"},\"primaryImageOfPage\":{\"@id\":\"https:\\\/\\\/inemjose.edu.co\\\/colegio\\\/newsite2021\\\/periodico\\\/#primaryimage\"},\"image\":{\"@id\":\"https:\\\/\\\/inemjose.edu.co\\\/colegio\\\/newsite2021\\\/periodico\\\/#primaryimage\"},\"thumbnailUrl\":\"https:\\\/\\\/inemjose.edu.co\\\/colegio\\\/newsite2021\\\/wp-content\\\/uploads\\\/2016\\\/03\\\/presentaion-1-600x400.jpg\",\"datePublished\":\"2021-06-17T03:22:26+00:00\",\"breadcrumb\":{\"@id\":\"https:\\\/\\\/inemjose.edu.co\\\/colegio\\\/newsite2021\\\/periodico\\\/#breadcrumb\"},\"inLanguage\":\"es-CO\",\"potentialAction\":[{\"@type\":\"ReadAction\",\"target\":[\"https:\\\/\\\/inemjose.edu.co\\\/colegio\\\/newsite2021\\\/periodico\\\/\"]}]},{\"@type\":\"ImageObject\",\"inLanguage\":\"es-CO\",\"@id\":\"https:\\\/\\\/inemjose.edu.co\\\/colegio\\\/newsite2021\\\/periodico\\\/#primaryimage\",\"url\":\"\",\"contentUrl\":\"\"},{\"@type\":\"BreadcrumbList\",\"@id\":\"https:\\\/\\\/inemjose.edu.co\\\/colegio\\\/newsite2021\\\/periodico\\\/#breadcrumb\",\"itemListElement\":[{\"@type\":\"ListItem\",\"position\":1,\"name\":\"Inicio\",\"item\":\"https:\\\/\\\/inemjose.edu.co\\\/colegio\\\/newsite2021\\\/\"},{\"@type\":\"ListItem\",\"position\":2,\"name\":\"Peri\u00f3dico\"}]},{\"@type\":\"WebSite\",\"@id\":\"https:\\\/\\\/inemjose.edu.co\\\/colegio\\\/newsite2021\\\/#website\",\"url\":\"https:\\\/\\\/inemjose.edu.co\\\/colegio\\\/newsite2021\\\/\",\"name\":\"INEM Jos\u00e9 F\u00e9lix De Restrepo\",\"description\":\"INEM Jos\u00e9 F\u00e9lix De Restrepo\",\"publisher\":{\"@id\":\"https:\\\/\\\/inemjose.edu.co\\\/colegio\\\/newsite2021\\\/#organization\"},\"potentialAction\":[{\"@type\":\"SearchAction\",\"target\":{\"@type\":\"EntryPoint\",\"urlTemplate\":\"https:\\\/\\\/inemjose.edu.co\\\/colegio\\\/newsite2021\\\/?s={search_term_string}\"},\"query-input\":{\"@type\":\"PropertyValueSpecification\",\"valueRequired\":true,\"valueName\":\"search_term_string\"}}],\"inLanguage\":\"es-CO\"},{\"@type\":\"Organization\",\"@id\":\"https:\\\/\\\/inemjose.edu.co\\\/colegio\\\/newsite2021\\\/#organization\",\"name\":\"INEM MEDELLIN\",\"url\":\"https:\\\/\\\/inemjose.edu.co\\\/colegio\\\/newsite2021\\\/\",\"logo\":{\"@type\":\"ImageObject\",\"inLanguage\":\"es-CO\",\"@id\":\"https:\\\/\\\/inemjose.edu.co\\\/colegio\\\/newsite2021\\\/#\\\/schema\\\/logo\\\/image\\\/\",\"url\":\"https:\\\/\\\/inemjose.edu.co\\\/colegio\\\/newsite2021\\\/wp-content\\\/uploads\\\/2022\\\/03\\\/escudoaltaresolucion.png\",\"contentUrl\":\"https:\\\/\\\/inemjose.edu.co\\\/colegio\\\/newsite2021\\\/wp-content\\\/uploads\\\/2022\\\/03\\\/escudoaltaresolucion.png\",\"width\":410,\"height\":550,\"caption\":\"INEM MEDELLIN\"},\"image\":{\"@id\":\"https:\\\/\\\/inemjose.edu.co\\\/colegio\\\/newsite2021\\\/#\\\/schema\\\/logo\\\/image\\\/\"},\"sameAs\":[\"https:\\\/\\\/www.facebook.com\\\/inemjoseoficial\\\/\",\"https:\\\/\\\/www.instagram.com\\\/inem_medellin\\\/\",\"https:\\\/\\\/www.youtube.com\\\/user\\\/inemtelevision\\\/featured\"]}]}<\/script>\n<!-- \/ Yoast SEO plugin. -->","yoast_head_json":{"title":"Peri\u00f3dico - INEM Jos\u00e9 F\u00e9lix De Restrepo","robots":{"index":"index","follow":"follow","max-snippet":"max-snippet:-1","max-image-preview":"max-image-preview:large","max-video-preview":"max-video-preview:-1"},"canonical":"https:\/\/inemjose.edu.co\/colegio\/newsite2021\/periodico\/","og_locale":"es_ES","og_type":"article","og_title":"Peri\u00f3dico - INEM Jos\u00e9 F\u00e9lix De Restrepo","og_description":"&nbsp; Edici\u00f3n 62 Edici\u00f3n 61 Edici\u00f3n 60 Edici\u00f3n 59 Edici\u00f3n 54 Edici\u00f3n 53","og_url":"https:\/\/inemjose.edu.co\/colegio\/newsite2021\/periodico\/","og_site_name":"INEM Jos\u00e9 F\u00e9lix De Restrepo","article_publisher":"https:\/\/www.facebook.com\/inemjoseoficial\/","og_image":[{"url":"https:\/\/inemjose.edu.co\/colegio\/newsite2021\/wp-content\/uploads\/2016\/03\/presentaion-1-600x400.jpg","type":"","width":"","height":""}],"twitter_card":"summary_large_image","schema":{"@context":"https:\/\/schema.org","@graph":[{"@type":"WebPage","@id":"https:\/\/inemjose.edu.co\/colegio\/newsite2021\/periodico\/","url":"https:\/\/inemjose.edu.co\/colegio\/newsite2021\/periodico\/","name":"Peri\u00f3dico - INEM Jos\u00e9 F\u00e9lix De Restrepo","isPartOf":{"@id":"https:\/\/inemjose.edu.co\/colegio\/newsite2021\/#website"},"primaryImageOfPage":{"@id":"https:\/\/inemjose.edu.co\/colegio\/newsite2021\/periodico\/#primaryimage"},"image":{"@id":"https:\/\/inemjose.edu.co\/colegio\/newsite2021\/periodico\/#primaryimage"},"thumbnailUrl":"https:\/\/inemjose.edu.co\/colegio\/newsite2021\/wp-content\/uploads\/2016\/03\/presentaion-1-600x400.jpg","datePublished":"2021-06-17T03:22:26+00:00","breadcrumb":{"@id":"https:\/\/inemjose.edu.co\/colegio\/newsite2021\/periodico\/#breadcrumb"},"inLanguage":"es-CO","potentialAction":[{"@type":"ReadAction","target":["https:\/\/inemjose.edu.co\/colegio\/newsite2021\/periodico\/"]}]},{"@type":"ImageObject","inLanguage":"es-CO","@id":"https:\/\/inemjose.edu.co\/colegio\/newsite2021\/periodico\/#primaryimage","url":"","contentUrl":""},{"@type":"BreadcrumbList","@id":"https:\/\/inemjose.edu.co\/colegio\/newsite2021\/periodico\/#breadcrumb","itemListElement":[{"@type":"ListItem","position":1,"name":"Inicio","item":"https:\/\/inemjose.edu.co\/colegio\/newsite2021\/"},{"@type":"ListItem","position":2,"name":"Peri\u00f3dico"}]},{"@type":"WebSite","@id":"https:\/\/inemjose.edu.co\/colegio\/newsite2021\/#website","url":"https:\/\/inemjose.edu.co\/colegio\/newsite2021\/","name":"INEM Jos\u00e9 F\u00e9lix De Restrepo","description":"INEM Jos\u00e9 F\u00e9lix De Restrepo","publisher":{"@id":"https:\/\/inemjose.edu.co\/colegio\/newsite2021\/#organization"},"potentialAction":[{"@type":"SearchAction","target":{"@type":"EntryPoint","urlTemplate":"https:\/\/inemjose.edu.co\/colegio\/newsite2021\/?s={search_term_string}"},"query-input":{"@type":"PropertyValueSpecification","valueRequired":true,"valueName":"search_term_string"}}],"inLanguage":"es-CO"},{"@type":"Organization","@id":"https:\/\/inemjose.edu.co\/colegio\/newsite2021\/#organization","name":"INEM MEDELLIN","url":"https:\/\/inemjose.edu.co\/colegio\/newsite2021\/","logo":{"@type":"ImageObject","inLanguage":"es-CO","@id":"https:\/\/inemjose.edu.co\/colegio\/newsite2021\/#\/schema\/logo\/image\/","url":"https:\/\/inemjose.edu.co\/colegio\/newsite2021\/wp-content\/uploads\/2022\/03\/escudoaltaresolucion.png","contentUrl":"https:\/\/inemjose.edu.co\/colegio\/newsite2021\/wp-content\/uploads\/2022\/03\/escudoaltaresolucion.png","width":410,"height":550,"caption":"INEM MEDELLIN"},"image":{"@id":"https:\/\/inemjose.edu.co\/colegio\/newsite2021\/#\/schema\/logo\/image\/"},"sameAs":["https:\/\/www.facebook.com\/inemjoseoficial\/","https:\/\/www.instagram.com\/inem_medellin\/","https:\/\/www.youtube.com\/user\/inemtelevision\/featured"]}]}},"_links":{"self":[{"href":"https:\/\/inemjose.edu.co\/colegio\/newsite2021\/wp-json\/wp\/v2\/pages\/9261","targetHints":{"allow":["GET"]}}],"collection":[{"href":"https:\/\/inemjose.edu.co\/colegio\/newsite2021\/wp-json\/wp\/v2\/pages"}],"about":[{"href":"https:\/\/inemjose.edu.co\/colegio\/newsite2021\/wp-json\/wp\/v2\/types\/page"}],"author":[{"embeddable":true,"href":"https:\/\/inemjose.edu.co\/colegio\/newsite2021\/wp-json\/wp\/v2\/users\/1"}],"replies":[{"embeddable":true,"href":"https:\/\/inemjose.edu.co\/colegio\/newsite2021\/wp-json\/wp\/v2\/comments?post=9261"}],"version-history":[{"count":1,"href":"https:\/\/inemjose.edu.co\/colegio\/newsite2021\/wp-json\/wp\/v2\/pages\/9261\/revisions"}],"predecessor-version":[{"id":9262,"href":"https:\/\/inemjose.edu.co\/colegio\/newsite2021\/wp-json\/wp\/v2\/pages\/9261\/revisions\/9262"}],"wp:attachment":[{"href":"https:\/\/inemjose.edu.co\/colegio\/newsite2021\/wp-json\/wp\/v2\/media?parent=9261"}],"curies":[{"name":"wp","href":"https:\/\/api.w.org\/{rel}","templated":true}]}}